{"id":40,"date":"2026-02-14T17:59:53","date_gmt":"2026-02-14T17:59:53","guid":{"rendered":"https:\/\/colegiosantalauramontoya.revistacitrico.com\/?page_id=40"},"modified":"2026-02-27T23:35:54","modified_gmt":"2026-02-27T23:35:54","slug":"portal-de-informacion","status":"publish","type":"page","link":"https:\/\/colegiosantalauramontoya.revistacitrico.com\/index.php\/portal-de-informacion\/","title":{"rendered":"Portal de informaci\u00f3n"},"content":{"rendered":"<p>[et_pb_section fb_built=\u00bb1&#8243; admin_label=\u00bbImage\u00bb _builder_version=\u00bb4.19.2&#8243; _module_preset=\u00bbdefault\u00bb background_color=\u00bb#4449E0&#8243; use_background_color_gradient=\u00bbon\u00bb background_color_gradient_stops=\u00bb#4449e0 50%|#f8fafb 50%\u00bb custom_padding=\u00bb||||false|false\u00bb collapsed=\u00bbon\u00bb global_colors_info=\u00bb{}\u00bb][et_pb_row _builder_version=\u00bb4.19.2&#8243; _module_preset=\u00bbdefault\u00bb custom_padding=\u00bb0px||0px||true|false\u00bb global_colors_info=\u00bb{}\u00bb][et_pb_column type=\u00bb4_4&#8243; _builder_version=\u00bb4.19.2&#8243; _module_preset=\u00bbdefault\u00bb global_colors_info=\u00bb{}\u00bb][et_pb_text _builder_version=\u00bb4.19.2&#8243; _module_preset=\u00bb8a4d155a-8b4b-49bb-8bd5-091b78f91ebd\u00bb header_text_color=\u00bb#FFFFFF\u00bb custom_margin=\u00bb||10px||false|false\u00bb global_colors_info=\u00bb{}\u00bb]<\/p>\n<h1>Portal de informaci\u00f3n<\/h1>\n<p>[\/et_pb_text][et_pb_text _builder_version=\u00bb4.27.5&#8243; _module_preset=\u00bbb5df0181-35e6-4aeb-ae47-7a77b984548d\u00bb header_4_text_color=\u00bb#FFFFFF\u00bb custom_padding=\u00bb||0px|||\u00bb global_colors_info=\u00bb{}\u00bb]<\/p>\n<h4>Banco de hojas de vida \u2022 Documentos Institucionales<\/h4>\n<p>[\/et_pb_text][\/et_pb_column][\/et_pb_row][et_pb_row custom_padding_last_edited=\u00bboff|desktop\u00bb _builder_version=\u00bb4.19.2&#8243; _module_preset=\u00bbdefault\u00bb custom_padding=\u00bb0px||0px||true|false\u00bb custom_padding_tablet=\u00bb30px|30px|30px|30px|true|true\u00bb custom_padding_phone=\u00bb20px|20px|20px|20px|true|true\u00bb border_radii=\u00bbon|15px|15px|15px|15px\u00bb border_width_all=\u00bb20px\u00bb border_color_all=\u00bb#FFFFFF\u00bb global_colors_info=\u00bb{}\u00bb][et_pb_column type=\u00bb4_4&#8243; _builder_version=\u00bb4.19.2&#8243; _module_preset=\u00bbdefault\u00bb global_colors_info=\u00bb{}\u00bb][et_pb_image src=\u00bbhttps:\/\/colegiosantalauramontoya.revistacitrico.com\/wp-content\/uploads\/2026\/02\/Mision-scaled.png\u00bb title_text=\u00bbMision\u00bb align=\u00bbcenter\u00bb _builder_version=\u00bb4.27.5&#8243; _module_preset=\u00bbdefault\u00bb global_colors_info=\u00bb{}\u00bb][\/et_pb_image][\/et_pb_column][\/et_pb_row][\/et_pb_section][et_pb_section fb_built=\u00bb1&#8243; background_color_2=\u00bb#FFFFFF\u00bb padding_top_2=\u00bb30px\u00bb padding_right_2=\u00bb30px\u00bb padding_bottom_2=\u00bb30px\u00bb padding_left_2=\u00bb30px\u00bb padding_top_bottom_link_2=\u00bbtrue\u00bb padding_left_right_link_2=\u00bbtrue\u00bb _builder_version=\u00bb4.19.2&#8243; _module_preset=\u00bbdefault\u00bb background_color=\u00bb#F8FAFB\u00bb global_colors_info=\u00bb{}\u00bb][et_pb_row column_structure=\u00bb2_3,1_3&#8243; _builder_version=\u00bb4.19.2&#8243; _module_preset=\u00bbdefault\u00bb global_colors_info=\u00bb{}\u00bb][et_pb_column type=\u00bb2_3&#8243; _builder_version=\u00bb4.19.2&#8243; _module_preset=\u00bbdefault\u00bb global_colors_info=\u00bb{}\u00bb][et_pb_text _builder_version=\u00bb4.19.2&#8243; _module_preset=\u00bbe05f51c0-9004-42b4-a706-32301b3c0407&#8243; custom_margin=\u00bb||10px||false|false\u00bb locked=\u00bboff\u00bb global_colors_info=\u00bb{}\u00bb]<\/p>\n<h2>\u00a1Trabaja con nosotros!<\/h2>\n<p>[\/et_pb_text][et_pb_text _builder_version=\u00bb4.19.2&#8243; _module_preset=\u00bb41fdca7c-a0da-4b48-9633-c1981acae3d2&#8243; locked=\u00bboff\u00bb global_colors_info=\u00bb{}\u00bb]<\/p>\n<p><span style=\"font-weight: 400;\">En el Colegio Santa Laura creemos en la educaci\u00f3n como una herramienta de transformaci\u00f3n y crecimiento. Nuestro compromiso es brindar un ambiente de aprendizaje que fomente la excelencia acad\u00e9mica, el desarrollo integral de nuestros estudiantes y la promoci\u00f3n de valores fundamentales para la sociedad.<\/span><\/p>\n<p>[\/et_pb_text][et_pb_text _builder_version=\u00bb4.19.2&#8243; _module_preset=\u00bbe05f51c0-9004-42b4-a706-32301b3c0407&#8243; locked=\u00bboff\u00bb global_colors_info=\u00bb{}\u00bb]<\/p>\n<h2>Perfil del docente Laurita<\/h2>\n<p>[\/et_pb_text][et_pb_text _builder_version=\u00bb4.19.2&#8243; _module_preset=\u00bb41fdca7c-a0da-4b48-9633-c1981acae3d2&#8243; custom_margin=\u00bb||10px||false|false\u00bb locked=\u00bboff\u00bb global_colors_info=\u00bb{}\u00bb]<\/p>\n<ul>\n<li><span style=\"font-weight: 400;\">Buscamos profesionales apasionados por la ense\u00f1anza, con vocaci\u00f3n y compromiso para acompa\u00f1ar el proceso educativo de nuestros estudiantes. Si compartes nuestra visi\u00f3n y quieres ser parte de una comunidad educativa, te invitamos a enviarnos tu hoja de vida.<\/span><\/li>\n<\/ul>\n<p><span style=\"font-weight: 400;\">Haz parte de nuestra misi\u00f3n educativa y post\u00falate enviando tu CV a trav\u00e9s de nuestro correo: <\/span><a href=\"mailto:coordinacion@colegiosantalaura.edu.co\"><span style=\"font-weight: 400;\">coordinacion@colegiosantalaura.edu.co<\/span><\/a><span style=\"font-weight: 400;\">.<\/span><\/p>\n<p><span style=\"font-weight: 400;\"><\/span><\/p>\n<p><span style=\"font-weight: 400;\"><\/span><\/p>\n<p>[\/et_pb_text][et_pb_text _builder_version=\u00bb4.19.2&#8243; _module_preset=\u00bbe05f51c0-9004-42b4-a706-32301b3c0407&#8243; custom_margin=\u00bb||10px||false|false\u00bb locked=\u00bboff\u00bb global_colors_info=\u00bb{}\u00bb]<\/p>\n<h2>Documentos Institucionales<\/h2>\n<p>[\/et_pb_text][et_pb_accordion toggle_icon=\u00bb&#x22;||divi||400&#8243; _builder_version=\u00bb4.27.5&#8243; _module_preset=\u00bb13a009f5-66b2-442c-828c-db7f5ceb4677&#8243; hover_enabled=\u00bb0&#8243; locked=\u00bboff\u00bb global_colors_info=\u00bb{}\u00bb border_width_all=\u00bb0px\u00bb sticky_enabled=\u00bb0&#8243;][et_pb_accordion_item title=\u00bbSistema de Evaluaci\u00f3n\u00a0\u00bb open=\u00bboff\u00bb _builder_version=\u00bb4.27.5&#8243; _module_preset=\u00bbdefault\u00bb hover_enabled=\u00bb0&#8243; global_colors_info=\u00bb{}\u00bb sticky_enabled=\u00bb0&#8243;]<\/p>\n<p><a href=\"https:\/\/colegiosantalauramontoya.revistacitrico.com\/wp-content\/uploads\/2026\/02\/MANUAL-DE-CONVIVENCIA-Y-SISTEMA-DE-EVAUACION-INSITUCIONAL-CSLMU.pdf\" rel=\"attachment wp-att-108\">MANUAL DE CONVIVENCIA Y SISTEMA DE EVAUACION INSITUCIONAL CSLMU<\/a><\/p>\n<p>[\/et_pb_accordion_item][et_pb_accordion_item title=\u00bbManual de Convivencia\u00bb _builder_version=\u00bb4.27.5&#8243; _module_preset=\u00bbdefault\u00bb hover_enabled=\u00bb0&#8243; global_colors_info=\u00bb{}\u00bb open=\u00bboff\u00bb sticky_enabled=\u00bb0&#8243;]<\/p>\n<p><a href=\"https:\/\/colegiosantalauramontoya.revistacitrico.com\/wp-content\/uploads\/2026\/02\/MANUAL-DE-CONVIVENCIA-Y-SISTEMA-DE-EVAUACION-INSITUCIONAL-CSLMU.pdf\" rel=\"attachment wp-att-108\">MANUAL DE CONVIVENCIA Y SISTEMA DE EVAUACION INSITUCIONAL CSLMU<\/a><\/p>\n<p>[\/et_pb_accordion_item][et_pb_accordion_item title=\u00bbC\u00f3digo interno de conducta\u00bb _builder_version=\u00bb4.19.2&#8243; _module_preset=\u00bbdefault\u00bb global_colors_info=\u00bb{}\u00bb open=\u00bbon\u00bb][\/et_pb_accordion_item][\/et_pb_accordion][\/et_pb_column][et_pb_column type=\u00bb1_3&#8243; _builder_version=\u00bb4.19.2&#8243; _module_preset=\u00bbdefault\u00bb background_color=\u00bb#FFFFFF\u00bb custom_padding=\u00bb30px|30px|30px|30px|true|true\u00bb border_radii=\u00bbon|15px|15px|15px|15px\u00bb global_colors_info=\u00bb{}\u00bb][et_pb_image src=\u00bbhttps:\/\/colegiosantalauramontoya.revistacitrico.com\/wp-content\/uploads\/2026\/02\/IMG_1804-scaled.jpg\u00bb _builder_version=\u00bb4.27.5&#8243; _module_preset=\u00bbdefault\u00bb title_text=\u00bbIMG_1804&#8243; hover_enabled=\u00bb0&#8243; sticky_enabled=\u00bb0&#8243;][\/et_pb_image][\/et_pb_column][\/et_pb_row][\/et_pb_section][et_pb_section fb_built=\u00bb1&#8243; admin_label=\u00bbFooter\u00bb _builder_version=\u00bb4.27.5&#8243; _module_preset=\u00bbdefault\u00bb background_color=\u00bb#0C71C3&#8243; hover_enabled=\u00bb0&#8243; saved_tabs=\u00bball\u00bb collapsed=\u00bbon\u00bb global_colors_info=\u00bb{}\u00bb sticky_enabled=\u00bb0&#8243;][et_pb_row _builder_version=\u00bb4.19.2&#8243; _module_preset=\u00bbdefault\u00bb custom_margin=\u00bb|auto|58px|auto|false|false\u00bb custom_margin_tablet=\u00bb||30px||false|false\u00bb custom_margin_phone=\u00bb\u00bb custom_margin_last_edited=\u00bbon|desktop\u00bb global_colors_info=\u00bb{}\u00bb][et_pb_column type=\u00bb4_4&#8243; _builder_version=\u00bb4.19.2&#8243; _module_preset=\u00bbdefault\u00bb global_colors_info=\u00bb{}\u00bb][et_pb_text _builder_version=\u00bb4.19.2&#8243; _module_preset=\u00bbb5df0181-35e6-4aeb-ae47-7a77b984548d\u00bb header_4_text_color=\u00bb#FFFFFF\u00bb text_orientation=\u00bbcenter\u00bb global_colors_info=\u00bb{}\u00bb custom_padding=\u00bb16px|||||\u00bb][\/et_pb_text][et_pb_text _builder_version=\u00bb4.19.2&#8243; _module_preset=\u00bb92969422-e0b4-42c4-a4c1-dc6b92b1a767&#8243; header_2_text_color=\u00bb#FFFFFF\u00bb text_orientation=\u00bbcenter\u00bb global_colors_info=\u00bb{}\u00bb]<\/p>\n<h2>\u00bfListo para ser parte de nuestra comunidad?<\/h2>\n<p>[\/et_pb_text][et_pb_button button_text=\u00bbESCR\u00cdBENOS\u00bb button_alignment=\u00bbcenter\u00bb _builder_version=\u00bb4.27.5&#8243; _module_preset=\u00bb64f7384a-d181-4af4-9451-92235ac8fffb\u00bb hover_enabled=\u00bb0&#8243; global_colors_info=\u00bb{}\u00bb sticky_enabled=\u00bb0&#8243;][\/et_pb_button][et_pb_social_media_follow icon_color=\u00bb#FFFFFF\u00bb use_icon_font_size=\u00bbon\u00bb icon_font_size=\u00bb14px\u00bb _builder_version=\u00bb4.27.5&#8243; _module_preset=\u00bbdefault\u00bb text_orientation=\u00bbright\u00bb hover_enabled=\u00bb0&#8243; text_orientation_tablet=\u00bbcenter\u00bb text_orientation_phone=\u00bb\u00bb text_orientation_last_edited=\u00bbon|tablet\u00bb border_radii=\u00bbon|100px|100px|100px|100px\u00bb border_width_all=\u00bb2px\u00bb border_color_all=\u00bb#FFFFFF\u00bb locked=\u00bboff\u00bb global_colors_info=\u00bb{}\u00bb sticky_enabled=\u00bb0&#8243; custom_padding=\u00bb|496px||||\u00bb][et_pb_social_media_follow_network social_network=\u00bbfacebook\u00bb _builder_version=\u00bb4.27.5&#8243; _module_preset=\u00bbdefault\u00bb custom_padding=\u00bb4px|4px|4px|4px|true|true\u00bb hover_enabled=\u00bb0&#8243; global_colors_info=\u00bb{}\u00bb follow_button=\u00bboff\u00bb url_new_window=\u00bbon\u00bb url=\u00bbhttps:\/\/www.facebook.com\/search\/top?q=colegio%20santa%20laura%20montoya%20upegui&#038;locale=es_LA\u00bb sticky_enabled=\u00bb0&#8243;]facebook[\/et_pb_social_media_follow_network][et_pb_social_media_follow_network social_network=\u00bbinstagram\u00bb _builder_version=\u00bb4.27.5&#8243; _module_preset=\u00bbdefault\u00bb custom_padding=\u00bb4px|4px|4px|4px|true|true\u00bb hover_enabled=\u00bb0&#8243; global_colors_info=\u00bb{}\u00bb follow_button=\u00bboff\u00bb url_new_window=\u00bbon\u00bb url=\u00bbhttps:\/\/www.instagram.com\/colegiosantalaura?igsh=MWhudHc0Nmpoa3Jscw==\u00bb sticky_enabled=\u00bb0&#8243;]instagram[\/et_pb_social_media_follow_network][\/et_pb_social_media_follow][\/et_pb_column][\/et_pb_row][et_pb_row _builder_version=\u00bb4.27.5&#8243; _module_preset=\u00bbdefault\u00bb column_structure=\u00bb1_2,1_2&#8243;][et_pb_column _builder_version=\u00bb4.27.5&#8243; _module_preset=\u00bbdefault\u00bb type=\u00bb1_2&#8243;][et_pb_button button_text=\u00bbPagos en l\u00ednea\u00bb _builder_version=\u00bb4.27.5&#8243; _module_preset=\u00bbdefault\u00bb hover_enabled=\u00bb0&#8243; sticky_enabled=\u00bb0&#8243; custom_button=\u00bbon\u00bb button_text_color=\u00bb#FFFFFF\u00bb button_bg_color=\u00bbRGBA(255,255,255,0)\u00bb button_bg_enable_color=\u00bbon\u00bb button_alignment=\u00bbcenter\u00bb button_border_color=\u00bb#FFFFFF\u00bb button_border_width=\u00bb6px\u00bb button_border_radius=\u00bb10px\u00bb button_text_size=\u00bb28px\u00bb][\/et_pb_button][\/et_pb_column][et_pb_column _builder_version=\u00bb4.27.5&#8243; _module_preset=\u00bbdefault\u00bb type=\u00bb1_2&#8243;][et_pb_map _builder_version=\u00bb4.27.5&#8243; _module_preset=\u00bbdefault\u00bb address=\u00bbCalle 16a # 10 &#8211; 47 B\/ F\u00e1tima\u00bb hover_enabled=\u00bb0&#8243; sticky_enabled=\u00bb0&#8243;][\/et_pb_map][\/et_pb_column][\/et_pb_row][et_pb_row column_structure=\u00bb1_5,1_5,1_5,1_5,1_5&#8243; _builder_version=\u00bb4.19.2&#8243; _module_preset=\u00bbdefault\u00bb border_color_all=\u00bbrgba(255,255,255,0.3)\u00bb border_width_top=\u00bb1px\u00bb global_colors_info=\u00bb{}\u00bb][et_pb_column type=\u00bb1_5&#8243; _builder_version=\u00bb4.19.2&#8243; _module_preset=\u00bbdefault\u00bb global_colors_info=\u00bb{}\u00bb][\/et_pb_column][et_pb_column _builder_version=\u00bb4.27.5&#8243; _module_preset=\u00bbdefault\u00bb type=\u00bb1_5&#8243;][\/et_pb_column][et_pb_column _builder_version=\u00bb4.27.5&#8243; _module_preset=\u00bbdefault\u00bb type=\u00bb1_5&#8243;][et_pb_image src=\u00bbhttps:\/\/colegiosantalauramontoya.revistacitrico.com\/wp-content\/uploads\/2026\/02\/cropped-Logo-CSLMU.png\u00bb title_text=\u00bbcropped-Logo-CSLMU.png\u00bb align_tablet=\u00bbcenter\u00bb align_phone=\u00bb\u00bb align_last_edited=\u00bbon|tablet\u00bb _builder_version=\u00bb4.27.5&#8243; _module_preset=\u00bbdefault\u00bb hover_enabled=\u00bb0&#8243; global_colors_info=\u00bb{}\u00bb sticky_enabled=\u00bb0&#8243;][\/et_pb_image][\/et_pb_column][et_pb_column type=\u00bb1_5&#8243; _builder_version=\u00bb4.19.2&#8243; _module_preset=\u00bbdefault\u00bb custom_padding=\u00bb1vw||||false|false\u00bb custom_padding_tablet=\u00bb0vw||||false|false\u00bb custom_padding_phone=\u00bb\u00bb custom_padding_last_edited=\u00bbon|tablet\u00bb global_colors_info=\u00bb{}\u00bb][\/et_pb_column][et_pb_column type=\u00bb1_5&#8243; _builder_version=\u00bb4.19.2&#8243; _module_preset=\u00bbdefault\u00bb global_colors_info=\u00bb{}\u00bb][\/et_pb_column][\/et_pb_row][\/et_pb_section]<\/p>\n","protected":false},"excerpt":{"rendered":"<p>Portal de informaci\u00f3nBanco de hojas de vida \u2022 Documentos Institucionales\u00a1Trabaja con nosotros!En el Colegio Santa Laura creemos en la educaci\u00f3n como una herramienta de transformaci\u00f3n y crecimiento. Nuestro compromiso es brindar un ambiente de aprendizaje que fomente la excelencia acad\u00e9mica, el desarrollo integral de nuestros estudiantes y la promoci\u00f3n de valores fundamentales para la sociedad.Perfil [&hellip;]<\/p>\n","protected":false},"author":1,"featured_media":0,"parent":0,"menu_order":0,"comment_status":"closed","ping_status":"closed","template":"","meta":{"_et_pb_use_builder":"on","_et_pb_old_content":"","_et_gb_content_width":"","footnotes":""},"class_list":["post-40","page","type-page","status-publish","hentry"],"_links":{"self":[{"href":"https:\/\/colegiosantalauramontoya.revistacitrico.com\/index.php\/wp-json\/wp\/v2\/pages\/40","targetHints":{"allow":["GET"]}}],"collection":[{"href":"https:\/\/colegiosantalauramontoya.revistacitrico.com\/index.php\/wp-json\/wp\/v2\/pages"}],"about":[{"href":"https:\/\/colegiosantalauramontoya.revistacitrico.com\/index.php\/wp-json\/wp\/v2\/types\/page"}],"author":[{"embeddable":true,"href":"https:\/\/colegiosantalauramontoya.revistacitrico.com\/index.php\/wp-json\/wp\/v2\/users\/1"}],"replies":[{"embeddable":true,"href":"https:\/\/colegiosantalauramontoya.revistacitrico.com\/index.php\/wp-json\/wp\/v2\/comments?post=40"}],"version-history":[{"count":7,"href":"https:\/\/colegiosantalauramontoya.revistacitrico.com\/index.php\/wp-json\/wp\/v2\/pages\/40\/revisions"}],"predecessor-version":[{"id":113,"href":"https:\/\/colegiosantalauramontoya.revistacitrico.com\/index.php\/wp-json\/wp\/v2\/pages\/40\/revisions\/113"}],"wp:attachment":[{"href":"https:\/\/colegiosantalauramontoya.revistacitrico.com\/index.php\/wp-json\/wp\/v2\/media?parent=40"}],"curies":[{"name":"wp","href":"https:\/\/api.w.org\/{rel}","templated":true}]}}