{"id":45,"date":"2026-02-14T18:01:26","date_gmt":"2026-02-14T18:01:26","guid":{"rendered":"https:\/\/colegiosantalauramontoya.revistacitrico.com\/?page_id=45"},"modified":"2026-02-28T14:07:54","modified_gmt":"2026-02-28T14:07:54","slug":"comunidad-laurista","status":"publish","type":"page","link":"https:\/\/colegiosantalauramontoya.revistacitrico.com\/index.php\/comunidad-laurista\/","title":{"rendered":"Comunidad Laurista"},"content":{"rendered":"<p>[et_pb_section fb_built=\u00bb1&#8243; admin_label=\u00bbHeader\u00bb _builder_version=\u00bb4.19.2&#8243; _module_preset=\u00bbdefault\u00bb background_color=\u00bb#F8FAFB\u00bb custom_padding=\u00bb||||false|false\u00bb collapsed=\u00bboff\u00bb global_colors_info=\u00bb{}\u00bb][et_pb_row _builder_version=\u00bb4.19.2&#8243; _module_preset=\u00bbdefault\u00bb global_colors_info=\u00bb{}\u00bb][et_pb_column type=\u00bb4_4&#8243; _builder_version=\u00bb4.19.2&#8243; _module_preset=\u00bbdefault\u00bb global_colors_info=\u00bb{}\u00bb][et_pb_text _builder_version=\u00bb4.19.2&#8243; _module_preset=\u00bb61837fe4-60d5-41d0-81a2-58a362510c73&#8243; global_colors_info=\u00bb{}\u00bb]<\/p>\n<h1>Comunidad Laurista<\/h1>\n<p>[\/et_pb_text][\/et_pb_column][\/et_pb_row][et_pb_row column_structure=\u00bb2_3,1_3&#8243; _builder_version=\u00bb4.19.2&#8243; _module_preset=\u00bbdefault\u00bb global_colors_info=\u00bb{}\u00bb][et_pb_column type=\u00bb2_3&#8243; _builder_version=\u00bb4.19.2&#8243; _module_preset=\u00bbdefault\u00bb border_radii=\u00bbon|15px|15px|15px|15px\u00bb global_colors_info=\u00bb{}\u00bb][et_pb_image src=\u00bbhttps:\/\/colegiosantalauramontoya.revistacitrico.com\/wp-content\/uploads\/2026\/02\/WhatsApp-Image-2025-11-26-at-5.45.02-PM-1.jpeg\u00bb _builder_version=\u00bb4.27.5&#8243; _module_preset=\u00bbdefault\u00bb title_text=\u00bbWhatsApp-Image-2025-11-26-at-5.45.02-PM-1&#8243; hover_enabled=\u00bb0&#8243; sticky_enabled=\u00bb0&#8243;][\/et_pb_image][\/et_pb_column][et_pb_column type=\u00bb1_3&#8243; _builder_version=\u00bb4.19.2&#8243; _module_preset=\u00bbdefault\u00bb global_colors_info=\u00bb{}\u00bb][et_pb_text _builder_version=\u00bb4.27.5&#8243; _module_preset=\u00bbdefault\u00bb hover_enabled=\u00bb0&#8243; sticky_enabled=\u00bb0&#8243;]<\/p>\n<p class=\"has-medium-font-size\"><strong>\u00a1Un gran logro para nuestra familia Laurista!<\/strong><\/p>\n<p class=\"n2-font-1dbed0cbdd8ac27f021ce435744cef2a-paragraph   \">Despu\u00e9s de 36 a\u00f1os de experiencia educativa, celebramos con orgullo la proclamaci\u00f3n de nuestra primera generaci\u00f3n de bachilleres Lauristas 2025. \ud83d\udc99\ud83d\udc9b<\/p>\n<p class=\"n2-font-1dbed0cbdd8ac27f021ce435744cef2a-paragraph   \">Gracias a nuestras familias, docentes y estudiantes por ser protagonistas de esta historia.<\/p>\n<p class=\"n2-font-1dbed0cbdd8ac27f021ce435744cef2a-paragraph   \">Una jornada llena de emociones, donde tambi\u00e9n vivimos con alegr\u00eda las ceremonias de grado de Transici\u00f3n y Quinto, momentos que representan nuevos comienzos, sue\u00f1os cumplidos y el fruto de un camino recorrido con amor, fe y compromiso.<\/p>\n<p class=\"n2-font-1dbed0cbdd8ac27f021ce435744cef2a-paragraph   \">Hoy reafirmamos la misi\u00f3n de seguir formando seres humanos \u00edntegros, con valores, ciencia y coraz\u00f3n Laurista.<\/p>\n<p>[\/et_pb_text][\/et_pb_column][\/et_pb_row][\/et_pb_section]<\/p>\n","protected":false},"excerpt":{"rendered":"<p>Comunidad Laurista\u00a1Un gran logro para nuestra familia Laurista! Despu\u00e9s de 36 a\u00f1os de experiencia educativa, celebramos con orgullo la proclamaci\u00f3n de nuestra primera generaci\u00f3n de bachilleres Lauristas 2025. \ud83d\udc99\ud83d\udc9b Gracias a nuestras familias, docentes y estudiantes por ser protagonistas de esta historia. Una jornada llena de emociones, donde tambi\u00e9n vivimos con alegr\u00eda las ceremonias de [&hellip;]<\/p>\n","protected":false},"author":1,"featured_media":0,"parent":0,"menu_order":0,"comment_status":"closed","ping_status":"closed","template":"","meta":{"_et_pb_use_builder":"on","_et_pb_old_content":"","_et_gb_content_width":"","footnotes":""},"class_list":["post-45","page","type-page","status-publish","hentry"],"_links":{"self":[{"href":"https:\/\/colegiosantalauramontoya.revistacitrico.com\/index.php\/wp-json\/wp\/v2\/pages\/45","targetHints":{"allow":["GET"]}}],"collection":[{"href":"https:\/\/colegiosantalauramontoya.revistacitrico.com\/index.php\/wp-json\/wp\/v2\/pages"}],"about":[{"href":"https:\/\/colegiosantalauramontoya.revistacitrico.com\/index.php\/wp-json\/wp\/v2\/types\/page"}],"author":[{"embeddable":true,"href":"https:\/\/colegiosantalauramontoya.revistacitrico.com\/index.php\/wp-json\/wp\/v2\/users\/1"}],"replies":[{"embeddable":true,"href":"https:\/\/colegiosantalauramontoya.revistacitrico.com\/index.php\/wp-json\/wp\/v2\/comments?post=45"}],"version-history":[{"count":4,"href":"https:\/\/colegiosantalauramontoya.revistacitrico.com\/index.php\/wp-json\/wp\/v2\/pages\/45\/revisions"}],"predecessor-version":[{"id":182,"href":"https:\/\/colegiosantalauramontoya.revistacitrico.com\/index.php\/wp-json\/wp\/v2\/pages\/45\/revisions\/182"}],"wp:attachment":[{"href":"https:\/\/colegiosantalauramontoya.revistacitrico.com\/index.php\/wp-json\/wp\/v2\/media?parent=45"}],"curies":[{"name":"wp","href":"https:\/\/api.w.org\/{rel}","templated":true}]}}